{"id":2450,"date":"2021-09-16T10:29:50","date_gmt":"2021-09-16T09:29:50","guid":{"rendered":"http:\/\/www.basketbrax.fr\/?page_id=2450"},"modified":"2025-07-16T13:53:23","modified_gmt":"2025-07-16T12:53:23","slug":"boutique-du-club","status":"publish","type":"page","link":"https:\/\/www.basketbrax.fr\/?page_id=2450","title":{"rendered":"Notre boutique se refait une beaut\u00e9 pendant l&rsquo;\u00e9t\u00e9"},"content":{"rendered":"\n<p>Rendez vous en Septembre !!<\/p>\n\n\n\n<figure class=\"wp-block-image size-full\"><a href=\"https:\/\/www.basketbrax.fr\/wp-content\/uploads\/2025\/07\/panneau_travaux.jpg\"><img loading=\"lazy\" decoding=\"async\" width=\"300\" height=\"300\" src=\"https:\/\/www.basketbrax.fr\/wp-content\/uploads\/2025\/07\/panneau_travaux.jpg\" alt=\"\" class=\"wp-image-2666\" srcset=\"https:\/\/www.basketbrax.fr\/wp-content\/uploads\/2025\/07\/panneau_travaux.jpg 300w, https:\/\/www.basketbrax.fr\/wp-content\/uploads\/2025\/07\/panneau_travaux-150x150.jpg 150w\" sizes=\"auto, (max-width: 300px) 100vw, 300px\" \/><\/a><\/figure>\n","protected":false},"excerpt":{"rendered":"<p>Rendez vous en Septembre !!<\/p>\n","protected":false},"author":7,"featured_media":0,"parent":0,"menu_order":0,"comment_status":"closed","ping_status":"closed","template":"","meta":{"ngg_post_thumbnail":0,"footnotes":""},"class_list":["post-2450","page","type-page","status-publish","hentry"],"_links":{"self":[{"href":"https:\/\/www.basketbrax.fr\/index.php?rest_route=\/wp\/v2\/pages\/2450","targetHints":{"allow":["GET"]}}],"collection":[{"href":"https:\/\/www.basketbrax.fr\/index.php?rest_route=\/wp\/v2\/pages"}],"about":[{"href":"https:\/\/www.basketbrax.fr\/index.php?rest_route=\/wp\/v2\/types\/page"}],"author":[{"embeddable":true,"href":"https:\/\/www.basketbrax.fr\/index.php?rest_route=\/wp\/v2\/users\/7"}],"replies":[{"embeddable":true,"href":"https:\/\/www.basketbrax.fr\/index.php?rest_route=%2Fwp%2Fv2%2Fcomments&post=2450"}],"version-history":[{"count":9,"href":"https:\/\/www.basketbrax.fr\/index.php?rest_route=\/wp\/v2\/pages\/2450\/revisions"}],"predecessor-version":[{"id":2667,"href":"https:\/\/www.basketbrax.fr\/index.php?rest_route=\/wp\/v2\/pages\/2450\/revisions\/2667"}],"wp:attachment":[{"href":"https:\/\/www.basketbrax.fr\/index.php?rest_route=%2Fwp%2Fv2%2Fmedia&parent=2450"}],"curies":[{"name":"wp","href":"https:\/\/api.w.org\/{rel}","templated":true}]}}