{"id":169,"date":"2012-11-25T21:33:37","date_gmt":"2012-11-25T20:33:37","guid":{"rendered":"http:\/\/www.basketbrax.fr\/?page_id=169"},"modified":"2023-10-27T14:46:38","modified_gmt":"2023-10-27T13:46:38","slug":"bureau","status":"publish","type":"page","link":"https:\/\/www.basketbrax.fr\/?page_id=169","title":{"rendered":"Bureau"},"content":{"rendered":"\n<p><strong>COMPOSITION BUREAU 2023-2024<\/strong><\/p>\n\n\n\n<p><strong>Pr\u00e9sident :<\/strong> Arthur HUGUET <br><strong>Vice-Pr\u00e9sident : <\/strong> Max HUGUET <\/p>\n\n\n\n<p><strong>Secr\u00e9taire : <\/strong> C\u00e9line RODE<br><strong>Secr\u00e9taire-adjoint :<\/strong> St\u00e9phanie HATE<\/p>\n\n\n\n<p><strong>Tr\u00e9sori\u00e8re :<\/strong>  Pierre LONDEIX<br><strong>Tr\u00e9sorier-adjoint :<\/strong>   Brigitte SANCHEZ<\/p>\n\n\n\n<p><\/p>\n\n\n\n<p><strong>LES MISSIONS DU BUREAU :<\/strong><\/p>\n\n\n\n<p>&#8211; Fixe et organise les directives de l\u2019association<br>&#8211; Organise et g\u00e8re les inscriptions des joueurs<br>&#8211; Assure la communication avec la F\u00e9d\u00e9ration fran\u00e7aise de Basket Ball (licences, inscriptions d\u2019\u00e9quipes, r\u00e9sultats\u2026)<br>&#8211; En charge de la tr\u00e9sorerie du club, r\u00e9alise et suit la comptabilit\u00e9<br>&#8211; R\u00e9alise les demandes de subvention<br>&#8211; Engage les d\u00e9penses de mat\u00e9riel et v\u00eatement sportif du club<br>&#8211; Organise les \u00e9v\u00e9nements sportif compl\u00e9mentaires (stage de la Toussaint, voyage sportif de P\u00e2ques, f\u00eate de fin d\u2019ann\u00e9e)<\/p>\n\n\n\n<p>Pour r\u00e9aliser ces missions, le bureau de Basket BRAX est assist\u00e9 par de nombreux parents qui apportent leurs aides dans l&rsquo;organisation des activit\u00e9s et animations du club (inscriptions et licences, stage de la Toussaint &amp; Temple, commande de mat\u00e9riels et v\u00eatements, gestion et formation emarque, arbitrage, communication du club &#8230;.)<\/p>\n\n\n\n<p><\/p>\n","protected":false},"excerpt":{"rendered":"<p>COMPOSITION BUREAU 2023-2024 Pr\u00e9sident : Arthur HUGUET Vice-Pr\u00e9sident : Max HUGUET Secr\u00e9taire : C\u00e9line RODESecr\u00e9taire-adjoint : St\u00e9phanie HATE Tr\u00e9sori\u00e8re : Pierre LONDEIXTr\u00e9sorier-adjoint : Brigitte SANCHEZ LES MISSIONS DU BUREAU : &#8211; Fixe et organise les directives de l\u2019association&#8211; Organise et &hellip; <a href=\"https:\/\/www.basketbrax.fr\/?page_id=169\">Continuer la lecture <span class=\"meta-nav\">&rarr;<\/span><\/a><\/p>\n","protected":false},"author":7,"featured_media":0,"parent":0,"menu_order":0,"comment_status":"closed","ping_status":"closed","template":"","meta":{"ngg_post_thumbnail":0,"footnotes":""},"class_list":["post-169","page","type-page","status-publish","hentry"],"_links":{"self":[{"href":"https:\/\/www.basketbrax.fr\/index.php?rest_route=\/wp\/v2\/pages\/169","targetHints":{"allow":["GET"]}}],"collection":[{"href":"https:\/\/www.basketbrax.fr\/index.php?rest_route=\/wp\/v2\/pages"}],"about":[{"href":"https:\/\/www.basketbrax.fr\/index.php?rest_route=\/wp\/v2\/types\/page"}],"author":[{"embeddable":true,"href":"https:\/\/www.basketbrax.fr\/index.php?rest_route=\/wp\/v2\/users\/7"}],"replies":[{"embeddable":true,"href":"https:\/\/www.basketbrax.fr\/index.php?rest_route=%2Fwp%2Fv2%2Fcomments&post=169"}],"version-history":[{"count":28,"href":"https:\/\/www.basketbrax.fr\/index.php?rest_route=\/wp\/v2\/pages\/169\/revisions"}],"predecessor-version":[{"id":2620,"href":"https:\/\/www.basketbrax.fr\/index.php?rest_route=\/wp\/v2\/pages\/169\/revisions\/2620"}],"wp:attachment":[{"href":"https:\/\/www.basketbrax.fr\/index.php?rest_route=%2Fwp%2Fv2%2Fmedia&parent=169"}],"curies":[{"name":"wp","href":"https:\/\/api.w.org\/{rel}","templated":true}]}}