{"id":15,"date":"2012-11-22T21:53:41","date_gmt":"2012-11-22T20:53:41","guid":{"rendered":"http:\/\/www.basketbrax.fr\/?page_id=15"},"modified":"2019-10-18T11:35:01","modified_gmt":"2019-10-18T10:35:01","slug":"commissions","status":"publish","type":"page","link":"https:\/\/www.basketbrax.fr\/?page_id=15","title":{"rendered":"Commissions"},"content":{"rendered":"<p><span style=\"text-decoration: underline;\"><span style=\"color: #ff0000; text-decoration: underline;\"><strong><span style=\"color: #ff0000; text-decoration: underline;\">Commission Technique<\/span><\/strong><\/span><\/span><span style=\"color: #ff0000;\"><strong><span style=\"color: #ff0000;\">&nbsp;<\/span><\/strong><\/span><strong>: apporte un encadrement des coachs<\/strong><\/p>\n<p>Encadre et assure la coh\u00e9sion des \u00e9ducateurs.<br \/>\nCr\u00e9e, adapte le programme sportif de l\u2019\u00e9cole de basket et veille \u00e0 son application.<br \/>\nConstitue la biblioth\u00e8que technique des \u00e9ducateurs.<br \/>\nOrganise la formation des \u00e9ducateurs.<br \/>\nAssure le coaching des \u00e9quipes lors des entra\u00eenements et des matchs.<br \/>\nEncadre aussi leurs \u00e9quipes lors des autres manifestations sportives (tournoi, stage, voyage sportif).<\/p>\n<p><span style=\"color: #ff0000;\"><strong><span style=\"text-decoration: underline;\">Commission Arbitrage<\/span>&nbsp;<\/strong><\/span><strong>: g\u00e9n\u00e8re une dynamique d\u2019arbitrage<\/strong><\/p>\n<p>Organise l\u2019arbitrage des matchs du week-end.<br \/>\nAssure l\u2019arbitrage des matchs \u00e0 Brax.<br \/>\nParticipe \u00e0 l\u2019arbitrage des autres manifestations sportives du club (tournoi, stage, voyage sportif).<br \/>\nOrganise la formation des \u00e9ducateurs.<\/p>\n<p><span style=\"color: #ff0000;\"><strong><span style=\"text-decoration: underline;\">Commission Animation<\/span><\/strong><\/span><strong>&nbsp;: en charge des organisations et \u00e9v\u00e9nements conviviaux<\/strong><strong><br \/>\n<\/strong><\/p>\n<p>Assure le compl\u00e9ment go\u00fbter club des matchs du week-end.<br \/>\nParticipe \u00e0 l\u2019animation (go\u00fbters\/pots) des manifestations sportives du club (tournoi, stage, voyage sportif, f\u00eate de fin de saison).<\/p>\n<p><span style=\"color: #ff0000;\"><strong><span style=\"text-decoration: underline;\">Commission Communication<\/span>&nbsp;<\/strong><\/span><strong>: assure la communication interne et externe du club<\/strong><strong><br \/>\n<\/strong><\/p>\n<p>R\u00e9dige les articles pour la D\u00e9p\u00eache du midi et le Brax infos.<br \/>\nCr\u00e9e et met \u00e0 jour le site internet \/ le groupe Facebook<br \/>\nCompile, r\u00e9dige et distribue la gazette hebdomadaire.<br \/>\nPr\u00e9pare et diffuse l\u2019organisation des matchs du week-end.<br \/>\nAssure l\u2019interface avec la mairie pour la r\u00e9servation des salles de sport.<\/p>\n<p>&nbsp;<\/p>\n","protected":false},"excerpt":{"rendered":"<p>Commission Technique&nbsp;: apporte un encadrement des coachs Encadre et assure la coh\u00e9sion des \u00e9ducateurs. Cr\u00e9e, adapte le programme sportif de l\u2019\u00e9cole de basket et veille \u00e0 son application. Constitue la biblioth\u00e8que technique des \u00e9ducateurs. Organise la formation des \u00e9ducateurs. Assure &hellip; <a href=\"https:\/\/www.basketbrax.fr\/?page_id=15\">Continuer la lecture <span class=\"meta-nav\">&rarr;<\/span><\/a><\/p>\n","protected":false},"author":7,"featured_media":0,"parent":0,"menu_order":0,"comment_status":"closed","ping_status":"closed","template":"","meta":{"ngg_post_thumbnail":0,"footnotes":""},"class_list":["post-15","page","type-page","status-publish","hentry"],"_links":{"self":[{"href":"https:\/\/www.basketbrax.fr\/index.php?rest_route=\/wp\/v2\/pages\/15","targetHints":{"allow":["GET"]}}],"collection":[{"href":"https:\/\/www.basketbrax.fr\/index.php?rest_route=\/wp\/v2\/pages"}],"about":[{"href":"https:\/\/www.basketbrax.fr\/index.php?rest_route=\/wp\/v2\/types\/page"}],"author":[{"embeddable":true,"href":"https:\/\/www.basketbrax.fr\/index.php?rest_route=\/wp\/v2\/users\/7"}],"replies":[{"embeddable":true,"href":"https:\/\/www.basketbrax.fr\/index.php?rest_route=%2Fwp%2Fv2%2Fcomments&post=15"}],"version-history":[{"count":33,"href":"https:\/\/www.basketbrax.fr\/index.php?rest_route=\/wp\/v2\/pages\/15\/revisions"}],"predecessor-version":[{"id":2619,"href":"https:\/\/www.basketbrax.fr\/index.php?rest_route=\/wp\/v2\/pages\/15\/revisions\/2619"}],"wp:attachment":[{"href":"https:\/\/www.basketbrax.fr\/index.php?rest_route=%2Fwp%2Fv2%2Fmedia&parent=15"}],"curies":[{"name":"wp","href":"https:\/\/api.w.org\/{rel}","templated":true}]}}